{"id":2762,"date":"2025-12-27T11:21:09","date_gmt":"2025-12-27T11:21:09","guid":{"rendered":"https:\/\/pointjetaviation.com\/?page_id=2762"},"modified":"2026-02-22T04:06:36","modified_gmt":"2026-02-22T04:06:36","slug":"contact-us","status":"publish","type":"page","link":"https:\/\/pointjetaviation.com\/tr\/contact-us\/","title":{"rendered":"Bize Ula\u015f\u0131n"},"content":{"rendered":"<div data-elementor-type=\"wp-page\" data-elementor-id=\"2762\" class=\"elementor elementor-2762\" data-elementor-settings=\"{&quot;page_masthead_image_height&quot;:{&quot;unit&quot;:&quot;px&quot;,&quot;size&quot;:900,&quot;sizes&quot;:[]},&quot;page_masthead_image_height_tablet&quot;:{&quot;unit&quot;:&quot;vh&quot;,&quot;size&quot;:70,&quot;sizes&quot;:[]},&quot;page_masthead_image_height_mobile&quot;:{&quot;unit&quot;:&quot;vh&quot;,&quot;size&quot;:50,&quot;sizes&quot;:[]},&quot;page_masthead_background_position_x&quot;:{&quot;unit&quot;:&quot;%&quot;,&quot;size&quot;:50,&quot;sizes&quot;:[]},&quot;page_masthead_background_position_x_tablet&quot;:{&quot;unit&quot;:&quot;%&quot;,&quot;size&quot;:50,&quot;sizes&quot;:[]},&quot;page_masthead_background_position_x_mobile&quot;:{&quot;unit&quot;:&quot;%&quot;,&quot;size&quot;:50,&quot;sizes&quot;:[]},&quot;page_masthead_background_position_y&quot;:{&quot;unit&quot;:&quot;%&quot;,&quot;size&quot;:50,&quot;sizes&quot;:[]},&quot;page_masthead_background_position_y_tablet&quot;:{&quot;unit&quot;:&quot;%&quot;,&quot;size&quot;:50,&quot;sizes&quot;:[]},&quot;page_masthead_background_position_y_mobile&quot;:{&quot;unit&quot;:&quot;%&quot;,&quot;size&quot;:50,&quot;sizes&quot;:[]}}\" data-elementor-post-type=\"page\">\n\t\t\t\t<div class=\"elementor-element elementor-element-d562928 e-flex e-con-boxed e-con e-parent\" data-id=\"d562928\" data-element_type=\"container\">\n\t\t\t\t\t<div class=\"e-con-inner\">\n\t\t\t\t<div class=\"elementor-element elementor-element-ea0916a elementor-widget elementor-widget-heading\" data-id=\"ea0916a\" data-element_type=\"widget\" data-widget_type=\"heading.default\">\n\t\t\t\t\t<h2 class=\"elementor-heading-title elementor-size-default\">Bize Ula\u015f\u0131n<\/h2>\t\t\t\t<\/div>\n\t\t\t\t<div class=\"elementor-element elementor-element-36a63e1 elementor-widget-divider--view-line elementor-widget elementor-widget-divider\" data-id=\"36a63e1\" data-element_type=\"widget\" data-widget_type=\"divider.default\">\n\t\t\t\t\t\t\t<div class=\"elementor-divider\">\n\t\t\t<span class=\"elementor-divider-separator\">\n\t\t\t\t\t\t<\/span>\n\t\t<\/div>\n\t\t\t\t\t\t<\/div>\n\t\t\t\t\t<\/div>\n\t\t\t\t<\/div>\n\t\t<div class=\"elementor-element elementor-element-0940c25 e-flex e-con-boxed e-con e-parent\" data-id=\"0940c25\" data-element_type=\"container\">\n\t\t\t\t\t<div class=\"e-con-inner\">\n\t\t\t\t<div class=\"elementor-element elementor-element-d71df77 elementor-widget elementor-widget-html\" data-id=\"d71df77\" data-element_type=\"widget\" data-widget_type=\"html.default\">\n\t\t\t\t\t<style>\n    \/* ============================================\n   PONT JET CONTACT PAGE\n   ============================================ *\/\n\n:root {\n    --pj-gold: #C9B382;\n    --pj-cream: #e8dcc4;\n    --pj-light: #f5f5f5;\n    --pj-gray: #a0a0a0;\n    --pj-border: rgba(201, 179, 130, 0.15);\n}\n\n\/* ============================================\n   1. CONTACT INFO SECTION\n   ============================================ *\/\n\n.pj-contact-info-section {\n    padding: 80px 20px;\n    background: transparent;\n}\n\n.pj-contact-header {\n    text-align: center;\n    margin-bottom: 60px;\n}\n\n.pj-contact-subtitle {\n    font-size: 12px;\n    letter-spacing: 3px;\n    color: var(--pj-gold);\n    font-weight: 500;\n    margin-bottom: 15px;\n    text-transform: uppercase;\n}\n\n.pj-contact-title {\n    font-size: 42px;\n    color: var(--pj-light);\n    font-weight: 300;\n    margin-bottom: 20px;\n    letter-spacing: -0.5px;\n}\n\n.pj-contact-line {\n    width: 60px;\n    height: 2px;\n    background: linear-gradient(\n        to right,\n        rgba(201, 179, 130, 0) 0%,\n        rgba(201, 179, 130, 1) 50%,\n        rgba(201, 179, 130, 0) 100%\n    );\n    margin: 0 auto;\n}\n\n.pj-info-grid {\n    display: grid;\n    grid-template-columns: repeat(auto-fit, minmax(280px, 1fr));\n    gap: 30px;\n    max-width: 1200px;\n    margin: 0 auto;\n}\n\n.pj-info-card {\n    background: transparent;\n    padding: 40px 30px;\n    border: 1px solid var(--pj-border);\n    text-align: center;\n    transition: all 0.4s cubic-bezier(0.4, 0, 0.2, 1);\n    position: relative;\n    overflow: hidden;\n}\n\n.pj-info-card::before {\n    content: '';\n    position: absolute;\n    top: 0;\n    left: 0;\n    width: 100%;\n    height: 2px;\n    background: var(--pj-gold);\n    transform: scaleX(0);\n    transition: transform 0.4s ease;\n}\n\n.pj-info-card:hover {\n    border-color: rgba(201, 179, 130, 0.4);\n    transform: translateY(-5px);\n    box-shadow: 0 15px 35px rgba(0,0,0,0.3);\n}\n\n.pj-info-card:hover::before {\n    transform: scaleX(1);\n}\n\n.pj-info-icon {\n    width: 50px;\n    height: 50px;\n    margin: 0 auto 20px;\n    color: var(--pj-cream);\n    transition: all 0.3s ease;\n}\n\n.pj-info-card:hover .pj-info-icon {\n    color: var(--pj-gold);\n    transform: scale(1.1) rotate(5deg);\n}\n\n.pj-info-icon svg {\n    width: 100%;\n    height: 100%;\n}\n\n.pj-info-title {\n    font-size: 18px;\n    color: var(--pj-light);\n    font-weight: 400;\n    margin-bottom: 15px;\n    letter-spacing: -0.3px;\n}\n\n.pj-info-text {\n    font-size: 14px;\n    line-height: 1.8;\n    color: var(--pj-gray);\n    font-weight: 300;\n}\n\n.pj-info-text a {\n    color: var(--pj-gray);\n    text-decoration: none;\n    transition: color 0.3s ease;\n}\n\n.pj-info-text a:hover {\n    color: var(--pj-gold);\n}\n\n\/* ============================================\n   2. MAPS SECTION\n   ============================================ *\/\n\n.pj-maps-section {\n    padding: 80px 20px;\n    background: transparent;\n}\n\n.pj-maps-header {\n    text-align: center;\n    margin-bottom: 60px;\n}\n\n.pj-maps-title {\n    font-size: 42px;\n    color: var(--pj-light);\n    font-weight: 300;\n    margin-bottom: 20px;\n    letter-spacing: -0.5px;\n}\n\n.pj-maps-line {\n    width: 60px;\n    height: 2px;\n    background: linear-gradient(\n        to right,\n        rgba(201, 179, 130, 0) 0%,\n        rgba(201, 179, 130, 1) 50%,\n        rgba(201, 179, 130, 0) 100%\n    );\n    margin: 0 auto;\n}\n\n.pj-maps-grid {\n    display: grid;\n    grid-template-columns: repeat(auto-fit, minmax(500px, 1fr));\n    gap: 40px;\n    max-width: 1400px;\n    margin: 0 auto;\n}\n\n.pj-map-wrapper {\n    position: relative;\n}\n\n.pj-map-label {\n    font-size: 14px;\n    letter-spacing: 2px;\n    color: var(--pj-gold);\n    text-transform: uppercase;\n    margin-bottom: 15px;\n    font-weight: 500;\n}\n\n.pj-map-container {\n    position: relative;\n    border: 1px solid var(--pj-border);\n    overflow: hidden;\n    transition: all 0.4s ease;\n}\n\n.pj-map-container:hover {\n    border-color: rgba(201, 179, 130, 0.4);\n    box-shadow: 0 10px 30px rgba(0,0,0,0.3);\n}\n\n.pj-map-container iframe {\n    display: block;\n    width: 100%;\n    filter: grayscale(20%) brightness(0.9);\n    transition: filter 0.3s ease;\n}\n\n.pj-map-container:hover iframe {\n    filter: grayscale(0%) brightness(1);\n}\n\n\/* ============================================\n   RESPONSIVE\n   ============================================ *\/\n\n@media (max-width: 1024px) {\n    .pj-maps-grid {\n        grid-template-columns: 1fr;\n    }\n}\n\n@media (max-width: 768px) {\n    .pj-contact-title,\n    .pj-maps-title {\n        font-size: 32px;\n    }\n    \n    .pj-info-grid {\n        grid-template-columns: 1fr;\n        gap: 20px;\n    }\n    \n    .pj-maps-grid {\n        gap: 30px;\n    }\n}\n\n@media (max-width: 480px) {\n    .pj-contact-info-section,\n    .pj-maps-section {\n        padding: 60px 20px;\n    }\n    \n    .pj-contact-title,\n    .pj-maps-title {\n        font-size: 28px;\n    }\n    \n    .pj-info-card {\n        padding: 30px 20px;\n    }\n    \n    .pj-map-container iframe {\n        height: 350px;\n    }\n}\n<\/style>\t\t\t\t<\/div>\n\t\t\t\t\t<\/div>\n\t\t\t\t<\/div>\n\t\t<div class=\"elementor-element elementor-element-39be6d0 e-flex e-con-boxed e-con e-parent\" data-id=\"39be6d0\" data-element_type=\"container\">\n\t\t\t\t\t<div class=\"e-con-inner\">\n\t\t\t\t<div class=\"elementor-element elementor-element-4bf6fff elementor-widget elementor-widget-html\" data-id=\"4bf6fff\" data-element_type=\"widget\" data-widget_type=\"html.default\">\n\t\t\t\t\t<div class=\"pj-contact-info-section\">\r\n    <div class=\"pj-contact-header\" data-aos=\"fade-up\">\r\n        <div class=\"pj-contact-subtitle\">\u0130leti\u015fime Ge\u00e7in<\/div>\r\n        <h2 class=\"pj-contact-title\">\u0130leti\u015fim Bilgilerimiz<\/h2>\r\n        <div class=\"pj-contact-line\"><\/div>\r\n    <\/div>\r\n    \r\n    <div class=\"pj-info-grid\">\r\n        <!-- Istanbul Office -->\r\n        <div class=\"pj-info-card\" data-aos=\"fade-up\" data-aos-delay=\"0\">\r\n            <div class=\"pj-info-icon\">\r\n                <svg xmlns=\"http:\/\/www.w3.org\/2000\/svg\" viewbox=\"0 0 24 24\" fill=\"none\" stroke=\"currentColor\" stroke-width=\"1.5\">\r\n                    <path d=\"M3 9l9-7 9 7v11a2 2 0 0 1-2 2H5a2 2 0 0 1-2-2z\"\/>\r\n                    <polyline points=\"9 22 9 12 15 12 15 22\"\/>\r\n                <\/svg>\r\n            <\/div>\r\n            <h3 class=\"pj-info-title\">\u0130stanbul Ofisimiz<\/h3>\r\n            <p class=\"pj-info-text\">Esentepe Mahallesi Ecza Sokak<br>Pol Center C Blok No:4\/1<br>\u015ei\u015fli\/\u0130stanbul T\u00fcrkiye 34944<\/p>\r\n        <\/div>\r\n        \r\n        <!-- Istanbul Office 2 -->\r\n        <div class=\"pj-info-card\" data-aos=\"fade-up\" data-aos-delay=\"0\">\r\n            <div class=\"pj-info-icon\">\r\n                <svg xmlns=\"http:\/\/www.w3.org\/2000\/svg\" viewbox=\"0 0 24 24\" fill=\"none\" stroke=\"currentColor\" stroke-width=\"1.5\">\r\n                    <path d=\"M3 9l9-7 9 7v11a2 2 0 0 1-2 2H5a2 2 0 0 1-2-2z\"\/>\r\n                    <polyline points=\"9 22 9 12 15 12 15 22\"\/>\r\n                <\/svg>\r\n            <\/div>\r\n            <h3 class=\"pj-info-title\">\u0130stanbul Ofisimiz 2<\/h3>\r\n            <p class=\"pj-info-text\">G\u00fcltepe Mahallesi \u015eehit \u00d6zg\u00fct G\u00fcven<br>Caddesi Sinpa\u015f  Boulevard A Blok<br>Kat 2 Daire No: 19 K\u00fc\u00e7\u00fck\u00e7ekmece\/\u0130stanbul T\u00fcrkiye 34295<\/p>\r\n        <\/div>\r\n        \r\n        <!-- Hangar -->\r\n        <div class=\"pj-info-card\" data-aos=\"fade-up\" data-aos-delay=\"100\">\r\n            <div class=\"pj-info-icon\">\r\n                <svg xmlns=\"http:\/\/www.w3.org\/2000\/svg\" viewbox=\"0 0 24 24\" fill=\"none\" stroke=\"currentColor\" stroke-width=\"1.5\">\r\n                    <path d=\"M12 2L2 7l10 5 10-5-10-5z\"\/>\r\n                    <path d=\"M2 17l10 5 10-5M2 12l10 5 10-5\"\/>\r\n                <\/svg>\r\n            <\/div>\r\n            <h3 class=\"pj-info-title\">Hangar Konumu<\/h3>\r\n            <p class=\"pj-info-text\">Atat\u00fcrk Havaliman\u0131 \u00d6zel Hangarlar B\u00f6lgesi<br>13 Nolu Hangar<br>34149 Bak\u0131rk\u00f6y\/\u0130stanbul LTBA<\/p>\r\n        <\/div>\r\n        \r\n        <!-- Phone -->\r\n        <div class=\"pj-info-card\" data-aos=\"fade-up\" data-aos-delay=\"200\">\r\n            <div class=\"pj-info-icon\">\r\n                <svg xmlns=\"http:\/\/www.w3.org\/2000\/svg\" viewbox=\"0 0 24 24\" fill=\"none\" stroke=\"currentColor\" stroke-width=\"1.5\">\r\n                    <path d=\"M22 16.92v3a2 2 0 0 1-2.18 2 19.79 19.79 0 0 1-8.63-3.07 19.5 19.5 0 0 1-6-6 19.79 19.79 0 0 1-3.07-8.67A2 2 0 0 1 4.11 2h3a2 2 0 0 1 2 1.72 12.84 12.84 0 0 0 .7 2.81 2 2 0 0 1-.45 2.11L8.09 9.91a16 16 0 0 0 6 6l1.27-1.27a2 2 0 0 1 2.11-.45 12.84 12.84 0 0 0 2.81.7A2 2 0 0 1 22 16.92z\"\/>\r\n                <\/svg>\r\n            <\/div>\r\n            <h3 class=\"pj-info-title\">Telefon<\/h3>\r\n            <p class=\"pj-info-text\"><a href=\"tel:+905342105055\" target=\"_blank\">+90 534 210 50 55<\/a><\/p>\r\n        <\/div>\r\n        \r\n        <!-- Email -->\r\n        <div class=\"pj-info-card\" data-aos=\"fade-up\" data-aos-delay=\"300\">\r\n            <div class=\"pj-info-icon\">\r\n                <svg xmlns=\"http:\/\/www.w3.org\/2000\/svg\" viewbox=\"0 0 24 24\" fill=\"none\" stroke=\"currentColor\" stroke-width=\"1.5\">\r\n                    <path d=\"M4 4h16c1.1 0 2 .9 2 2v12c0 1.1-.9 2-2 2H4c-1.1 0-2-.9-2-2V6c0-1.1.9-2 2-2z\"\/>\r\n                    <polyline points=\"22,6 12,13 2,6\"\/>\r\n                <\/svg>\r\n            <\/div>\r\n            <h3 class=\"pj-info-title\">E-posta<\/h3>\r\n            <p class=\"pj-info-text\"><a href=\"mailto:sales@pointjetaviation.com\" target=\"_blank\">sales@pointjetaviation.com<\/a><\/p>\r\n        <\/div>\r\n        \r\n        \r\n    <\/div>\r\n<\/div>\t\t\t\t<\/div>\n\t\t\t\t\t<\/div>\n\t\t\t\t<\/div>\n\t\t<div class=\"elementor-element elementor-element-e82b8d7 e-flex e-con-boxed e-con e-parent\" data-id=\"e82b8d7\" data-element_type=\"container\">\n\t\t\t\t\t<div class=\"e-con-inner\">\n\t\t<div class=\"elementor-element elementor-element-171c2d6 e-con-full e-flex e-con e-child\" data-id=\"171c2d6\" data-element_type=\"container\">\n\t\t\t\t<div class=\"elementor-element elementor-element-00504b7 elementor-widget elementor-widget-html\" data-id=\"00504b7\" data-element_type=\"widget\" data-widget_type=\"html.default\">\n\t\t\t\t\t<div class=\"pj-maps-section\">\r\n    <div class=\"pj-maps-header\" data-aos=\"fade-up\">\r\n        <h2 class=\"pj-maps-title\">Konumlar\u0131m\u0131z<\/h2>\r\n        <div class=\"pj-maps-line\"><\/div>\r\n    <\/div>\r\n    \r\n    <div class=\"pj-maps-grid\">\r\n        <div class=\"pj-map-wrapper\" data-aos=\"fade-up\" data-aos-delay=\"0\">\r\n            <div class=\"pj-map-label\">\u0130STANBUL OF\u0130S\u0130M\u0130Z<\/div>\r\n            <div class=\"pj-map-container\">\r\n                <iframe src=\"https:\/\/www.google.com\/maps\/embed?pb=!1m18!1m12!1m3!1d3008.2441877831894!2d28.99160757640685!3d41.06414132004954!2m3!1f0!2f0!3f0!3m2!1i1024!2i768!4f13.1!3m3!1m2!1s0x14cab7175e22bf21%3A0x2d51e8c10b6e93d2!2sEsentepe%2C%20Ecza%20Sk.%20No%3A4%2C%2034394%20%C5%9Ei%C5%9Fli%2F%C4%B0stanbul!5e0!3m2!1str!2str!4v1735337500000!5m2!1str!2str\" width=\"100%\" height=\"450\" style=\"border:0;\" allowfullscreen=\"\" loading=\"lazy\" referrerpolicy=\"no-referrer-when-downgrade\"><\/iframe>\r\n            <\/div>\r\n        <\/div>\r\n        \r\n        <div class=\"pj-map-wrapper\" data-aos=\"fade-up\" data-aos-delay=\"100\">\r\n            <div class=\"pj-map-label\">\u0130STANBUL OF\u0130S\u0130M\u0130Z 2<\/div> <div class=\"pj-map-container\">\r\n                <iframe src=\"https:\/\/www.google.com\/maps\/embed?pb=!1m18!1m12!1m3!1d188.2047758901778!2d28.796336800000002!3d40.9973228!2m3!1f0!2f0!3f0!3m2!1i1024!2i768!4f13.1!3m3!1m2!1s0x14caa3628684d677%3A0x5dd7b82e94ac3b53!2sSinpa%C5%9F%20Boulevard%20Sefak%C3%B6y!5e0!3m2!1str!2str!4v1767135015449!5m2!1str!2str\" width=\"100%\" height=\"450\" style=\"border:0;\" allowfullscreen=\"\" loading=\"lazy\" referrerpolicy=\"no-referrer-when-downgrade\"><\/iframe>\r\n            <\/div>\r\n        <\/div>\r\n\r\n        <div class=\"pj-map-wrapper\" data-aos=\"fade-up\" data-aos-delay=\"200\">\r\n            <div class=\"pj-map-label\">\u0130STANBUL HANGAR<\/div>\r\n            <div class=\"pj-map-container\">\r\n                <iframe src=\"https:\/\/www.google.com\/maps\/embed?pb=!1m14!1m12!1m3!1d5213.201664395969!2d28.800200034662684!3d40.99147979268473!2m3!1f0!2f0!3f0!3m2!1i1024!2i768!4f13.1!5e0!3m2!1str!2sus!4v1769450777639!5m2!1str!2sus%22%20width=%22600%22%20height=%22450%22%20style=%22border:0;%22%20allowfullscreen=%22%22%20loading=%22lazy%22%20referrerpolicy=%22no-referrer-when-downgrade\" width=\"100%\" height=\"450\" style=\"border:0;\" allowfullscreen=\"\" loading=\"lazy\" referrerpolicy=\"no-referrer-when-downgrade\"><\/iframe>\r\n            <\/div>\r\n        <\/div>\r\n    <\/div>\r\n<\/div>\t\t\t\t<\/div>\n\t\t\t\t<\/div>\n\t\t<div class=\"elementor-element elementor-element-7940df0 e-con-full e-flex e-con e-child\" data-id=\"7940df0\" data-element_type=\"container\">\n\t\t\t\t<div class=\"elementor-element elementor-element-986b61d elementor-widget elementor-widget-html\" data-id=\"986b61d\" data-element_type=\"widget\" data-widget_type=\"html.default\">\n\t\t\t\t\t<div class=\"pj-maps-section\">\r\n    <div class=\"pj-maps-header\" data-aos=\"fade-up\">\r\n        <h2 class=\"pj-maps-title\">\u0130leti\u015fim Formu<\/h2>\r\n        <div class=\"pj-maps-line\"><\/div>\r\n    <\/div>\t\t\t\t<\/div>\n\t\t\t\t<div class=\"elementor-element elementor-element-0e04ce9 elementor-button-align-end elementor-widget elementor-widget-form\" data-id=\"0e04ce9\" data-element_type=\"widget\" data-settings=\"{&quot;step_next_label&quot;:&quot;Next&quot;,&quot;step_previous_label&quot;:&quot;Previous&quot;,&quot;button_width&quot;:&quot;100&quot;,&quot;step_type&quot;:&quot;number_text&quot;,&quot;step_icon_shape&quot;:&quot;circle&quot;}\" data-widget_type=\"form.default\">\n\t\t\t\t\t\t\t<form class=\"elementor-form\" method=\"post\" name=\"New Form\" aria-label=\"New Form\" action=\"\">\n\t\t\t<input type=\"hidden\" name=\"post_id\" value=\"2762\"\/>\n\t\t\t<input type=\"hidden\" name=\"form_id\" value=\"0e04ce9\"\/>\n\t\t\t<input type=\"hidden\" name=\"referer_title\" value=\"Contact Us\" \/>\n\n\t\t\t\t\t\t\t<input type=\"hidden\" name=\"queried_id\" value=\"2762\"\/>\n\t\t\t\n\t\t\t<div class=\"elementor-form-fields-wrapper elementor-labels-above\">\n\t\t\t\t\t\t\t\t<div class=\"elementor-field-type-text elementor-field-group elementor-column elementor-field-group-name elementor-col-100\">\n\t\t\t\t\t\t\t\t\t\t\t\t\t<input size=\"1\" type=\"text\" name=\"form_fields[name]\" id=\"form-field-name\" class=\"elementor-field elementor-size-sm  elementor-field-textual\" placeholder=\"Ad\u0131 ve Soyad\u0131\">\n\t\t\t\t\t\t\t\t\t\t\t<\/div>\n\t\t\t\t\t\t\t\t<div class=\"elementor-field-type-email elementor-field-group elementor-column elementor-field-group-email elementor-col-100 elementor-field-required\">\n\t\t\t\t\t\t\t\t\t\t\t\t\t<input size=\"1\" type=\"email\" name=\"form_fields[email]\" id=\"form-field-email\" class=\"elementor-field elementor-size-sm  elementor-field-textual\" placeholder=\"E-posta\" required=\"required\">\n\t\t\t\t\t\t\t\t\t\t\t<\/div>\n\t\t\t\t\t\t\t\t<div class=\"elementor-field-type-tel elementor-field-group elementor-column elementor-field-group-field_4807537 elementor-col-100\">\n\t\t\t\t\t\t\t<input size=\"1\" type=\"tel\" name=\"form_fields[field_4807537]\" id=\"form-field-field_4807537\" class=\"elementor-field elementor-size-sm  elementor-field-textual\" placeholder=\"Telefon\" pattern=\"[0-9()#&amp;+*-=.]+\" title=\"Only numbers and phone characters (#, -, *, etc) are accepted.\">\n\n\t\t\t\t\t\t<\/div>\n\t\t\t\t\t\t\t\t<div class=\"elementor-field-type-textarea elementor-field-group elementor-column elementor-field-group-message elementor-col-100\">\n\t\t\t\t\t<textarea class=\"elementor-field-textual elementor-field  elementor-size-sm\" name=\"form_fields[message]\" id=\"form-field-message\" rows=\"4\" placeholder=\"Mesaj\"><\/textarea>\t\t\t\t<\/div>\n\t\t\t\t\t\t\t\t<div class=\"elementor-field-type-recaptcha elementor-field-group elementor-column elementor-field-group-field_7be611f elementor-col-100\">\n\t\t\t\t\t<div class=\"elementor-field\" id=\"form-field-field_7be611f\"><div class=\"elementor-g-recaptcha\" data-sitekey=\"6LdZ03MsAAAAAEQ1-4F37YFQ53jmt2ziMerQP_Rr\" data-type=\"v2_checkbox\" data-theme=\"light\" data-size=\"normal\"><\/div><\/div>\t\t\t\t<\/div>\n\t\t\t\t\t\t\t\t<div class=\"elementor-field-group elementor-column elementor-field-type-submit elementor-col-100 e-form__buttons\">\n\t\t\t\t\t<button class=\"elementor-button elementor-size-sm\" type=\"submit\">\n\t\t\t\t\t\t<span class=\"elementor-button-content-wrapper\">\n\t\t\t\t\t\t\t\t\t\t\t\t\t\t\t\t\t\t\t\t\t\t<span class=\"elementor-button-text\">G\u00f6nder<\/span>\n\t\t\t\t\t\t\t\t\t\t\t\t\t<\/span>\n\t\t\t\t\t<\/button>\n\t\t\t\t<\/div>\n\t\t\t<\/div>\n\t\t<input type=\"hidden\" name=\"trp-form-language\" value=\"tr\"\/><\/form>\n\t\t\t\t\t\t<\/div>\n\t\t\t\t<\/div>\n\t\t\t\t\t<\/div>\n\t\t\t\t<\/div>\n\t\t\t\t<\/div>","protected":false},"excerpt":{"rendered":"<p>Contact Us Get In Touch Contact Information Istanbul Office Esentepe Mahallesi Ecza SokakPol Center C Blok No:4\/1\u015ei\u015fli\/\u0130stanbul T\u00fcrkiye 34944 Istanbul Office 2 G\u00fcltepe Mahallesi \u015eehit \u00d6zg\u00fct G\u00fcvenCaddesi Sinpa\u015f Boulevard A BlokKat 2 Daire No: 19 K\u00fc\u00e7\u00fck\u00e7ekmece\/\u0130stanbul T\u00fcrkiye 34295 Hangar Location Atat\u00fcrk Havaliman\u0131 \u00d6zel Hangarlar B\u00f6lgesi13 Nolu Hangar34149 Bak\u0131rk\u00f6y\/\u0130stanbul LTBA Phone +90 534 210 50 55 [&hellip;]<\/p>","protected":false},"author":2,"featured_media":0,"parent":0,"menu_order":0,"comment_status":"closed","ping_status":"closed","template":"elementor_header_footer","meta":{"_acf_changed":false,"footnotes":""},"class_list":["post-2762","page","type-page","status-publish","hentry"],"acf":[],"_links":{"self":[{"href":"https:\/\/pointjetaviation.com\/tr\/wp-json\/wp\/v2\/pages\/2762","targetHints":{"allow":["GET"]}}],"collection":[{"href":"https:\/\/pointjetaviation.com\/tr\/wp-json\/wp\/v2\/pages"}],"about":[{"href":"https:\/\/pointjetaviation.com\/tr\/wp-json\/wp\/v2\/types\/page"}],"author":[{"embeddable":true,"href":"https:\/\/pointjetaviation.com\/tr\/wp-json\/wp\/v2\/users\/2"}],"replies":[{"embeddable":true,"href":"https:\/\/pointjetaviation.com\/tr\/wp-json\/wp\/v2\/comments?post=2762"}],"version-history":[{"count":40,"href":"https:\/\/pointjetaviation.com\/tr\/wp-json\/wp\/v2\/pages\/2762\/revisions"}],"predecessor-version":[{"id":4011,"href":"https:\/\/pointjetaviation.com\/tr\/wp-json\/wp\/v2\/pages\/2762\/revisions\/4011"}],"wp:attachment":[{"href":"https:\/\/pointjetaviation.com\/tr\/wp-json\/wp\/v2\/media?parent=2762"}],"curies":[{"name":"wp","href":"https:\/\/api.w.org\/{rel}","templated":true}]}}